{"id":26,"date":"2021-12-30T10:06:11","date_gmt":"2021-12-30T10:06:11","guid":{"rendered":"https:\/\/kniggezz.ch\/wordpress\/?page_id=26"},"modified":"2022-06-15T16:45:14","modified_gmt":"2022-06-15T16:45:14","slug":"rund-ums-daten","status":"publish","type":"page","link":"https:\/\/kniggezz.ch\/wordpress\/index.php\/rund-ums-daten\/","title":{"rendered":"Rund ums Daten"},"content":{"rendered":"\n<p class=\"has-medium-font-size\"><strong>Auch beim Kennenlernen von neuen Menschen gibt es das eine oder andere Fettn\u00e4pfchen, in das man treten kann. Vielleicht solltest du beim ersten Treffen mit deinem Date nicht gerade \u00fcber die schwere Vergangenheit in der Familie sprechen oder aus lauter M\u00fche und Aufmerksamkeit Kompliment an Kompliment reihen. Mit den Kniggezz Ratschl\u00e4gen meisterst auch du die n\u00e4chsten Dates!<\/strong><\/p>\n\n\n\n<div style=\"height:50px\" aria-hidden=\"true\" class=\"wp-block-spacer\"><\/div>\n\n\n\n<hr class=\"wp-block-separator alignfull has-css-opacity\"\/>\n\n\n\n<p><\/p>\n\n\n\n<h2 class=\"alignfull has-text-align-center wp-block-heading\">Be in time!<\/h2>\n\n\n\n<div class=\"wp-block-media-text alignwide has-media-on-the-right is-stacked-on-mobile\" style=\"grid-template-columns:auto 45%\"><figure class=\"wp-block-media-text__media\"><img loading=\"lazy\" decoding=\"async\" width=\"1024\" height=\"1024\" src=\"https:\/\/kniggezz.ch\/wordpress\/wp-content\/uploads\/2021\/12\/Nebenpost_Dating_Boo2-1-1024x1024.png\" alt=\"\" class=\"wp-image-114 size-full\" srcset=\"https:\/\/kniggezz.ch\/wordpress\/wp-content\/uploads\/2021\/12\/Nebenpost_Dating_Boo2-1-1024x1024.png 1024w, https:\/\/kniggezz.ch\/wordpress\/wp-content\/uploads\/2021\/12\/Nebenpost_Dating_Boo2-1-300x300.png 300w, https:\/\/kniggezz.ch\/wordpress\/wp-content\/uploads\/2021\/12\/Nebenpost_Dating_Boo2-1-150x150.png 150w, https:\/\/kniggezz.ch\/wordpress\/wp-content\/uploads\/2021\/12\/Nebenpost_Dating_Boo2-1-768x768.png 768w, https:\/\/kniggezz.ch\/wordpress\/wp-content\/uploads\/2021\/12\/Nebenpost_Dating_Boo2-1.png 1080w\" sizes=\"auto, (max-width: 1024px) 100vw, 1024px\" \/><\/figure><div class=\"wp-block-media-text__content\">\n<p class=\"has-medium-font-size\">Komme immer p\u00fcnktlich zu deiner Verabredung, denn so zeigst du deinem Gegen\u00fcber, dass dir das Date wichtig ist. Lange Wartezeiten hinterlassen einen schlechten Eindruck und nehmen die Vorfreude auf das Treffen. Plane also immer gen\u00fcgend \u201cPufferzeit\u201d ein, falls du im Stau stehen w\u00fcrdest oder der Zug mal Versp\u00e4tung hat. Passiert<br>es doch mal, so gebe fr\u00fchzeitig Bescheid.<\/p>\n<\/div><\/div>\n\n\n\n<hr class=\"wp-block-separator alignfull has-alpha-channel-opacity\"\/>\n\n\n\n<p><\/p>\n\n\n\n<h2 class=\"alignfull has-text-align-center wp-block-heading\">Handyfreie Dates<\/h2>\n\n\n\n<div class=\"wp-block-media-text alignwide has-media-on-the-right is-stacked-on-mobile\" style=\"grid-template-columns:auto 45%\"><figure class=\"wp-block-media-text__media\"><img loading=\"lazy\" decoding=\"async\" width=\"1024\" height=\"1024\" src=\"https:\/\/kniggezz.ch\/wordpress\/wp-content\/uploads\/2022\/01\/03_Dating_Tabuthemen_Grafik-1024x1024.png\" alt=\"\" class=\"wp-image-137 size-full\" srcset=\"https:\/\/kniggezz.ch\/wordpress\/wp-content\/uploads\/2022\/01\/03_Dating_Tabuthemen_Grafik-1024x1024.png 1024w, https:\/\/kniggezz.ch\/wordpress\/wp-content\/uploads\/2022\/01\/03_Dating_Tabuthemen_Grafik-300x300.png 300w, https:\/\/kniggezz.ch\/wordpress\/wp-content\/uploads\/2022\/01\/03_Dating_Tabuthemen_Grafik-150x150.png 150w, https:\/\/kniggezz.ch\/wordpress\/wp-content\/uploads\/2022\/01\/03_Dating_Tabuthemen_Grafik-768x768.png 768w, https:\/\/kniggezz.ch\/wordpress\/wp-content\/uploads\/2022\/01\/03_Dating_Tabuthemen_Grafik-1536x1536.png 1536w, https:\/\/kniggezz.ch\/wordpress\/wp-content\/uploads\/2022\/01\/03_Dating_Tabuthemen_Grafik-2048x2048.png 2048w\" sizes=\"auto, (max-width: 1024px) 100vw, 1024px\" \/><\/figure><div class=\"wp-block-media-text__content\">\n<p class=\"has-medium-font-size\">Auch wenn dich dein Gegen\u00fcber so unglaublich langweilt &#8211; es gibt nichts Unh\u00f6flicheres, als w\u00e4hrend eines Gespr\u00e4ches st\u00e4ndig das Handy zu z\u00fccken oder aufs Display zu starren. Am besten das Handy gar nicht erst auf den Tisch legen, um nicht in Versuchung zu kommen. Und falls du einen Ausweg aus dem Date suchst, vergiss bitte den alten \u201eNotfalltelefon-Trick\u201c. Bedanke dich stattdessen freundlich f\u00fcr das Date, sei ehrlich und sage, dass der Funke f\u00fcr dich nicht \u00fcbergesprungen ist.<\/p>\n<\/div><\/div>\n\n\n\n<hr class=\"wp-block-separator alignfull has-css-opacity\"\/>\n\n\n\n<p><\/p>\n\n\n\n<h2 class=\"alignfull has-text-align-center wp-block-heading\">Ghosten ist sowas von uncool<\/h2>\n\n\n\n<div class=\"wp-block-media-text alignwide has-media-on-the-right is-stacked-on-mobile\" style=\"grid-template-columns:auto 45%\"><figure class=\"wp-block-media-text__media\"><img loading=\"lazy\" decoding=\"async\" width=\"1024\" height=\"1024\" src=\"https:\/\/kniggezz.ch\/wordpress\/wp-content\/uploads\/2021\/12\/Nebenpost_Dating_Boo2-1024x1024.png\" alt=\"\" class=\"wp-image-113 size-full\" srcset=\"https:\/\/kniggezz.ch\/wordpress\/wp-content\/uploads\/2021\/12\/Nebenpost_Dating_Boo2-1024x1024.png 1024w, https:\/\/kniggezz.ch\/wordpress\/wp-content\/uploads\/2021\/12\/Nebenpost_Dating_Boo2-300x300.png 300w, https:\/\/kniggezz.ch\/wordpress\/wp-content\/uploads\/2021\/12\/Nebenpost_Dating_Boo2-150x150.png 150w, https:\/\/kniggezz.ch\/wordpress\/wp-content\/uploads\/2021\/12\/Nebenpost_Dating_Boo2-768x768.png 768w, https:\/\/kniggezz.ch\/wordpress\/wp-content\/uploads\/2021\/12\/Nebenpost_Dating_Boo2.png 1080w\" sizes=\"auto, (max-width: 1024px) 100vw, 1024px\" \/><\/figure><div class=\"wp-block-media-text__content\">\n<p class=\"has-medium-font-size\">Ghosting ist eine der beliebtesten Arten, um mit jemanden Schluss zu machen. Die feine Art ist es aber definitiv nicht!<\/p>\n\n\n\n<p class=\"has-medium-font-size\">Es schmerzt ohne Gr\u00fcnde oder einer Erkl\u00e4rung aus heiterem Himmel verlassen zu werden. Gehe mit anderen immer respektvoll um und sag ihnen, was du denkst oder f\u00fchlst. Geghostet zu werden ist meist um einiges verletzender als eine kl\u00e4rende Nachricht oder ehrliches Gespr\u00e4ch.<\/p>\n<\/div><\/div>\n\n\n\n<hr class=\"wp-block-separator alignfull has-css-opacity\"\/>\n\n\n\n<p><\/p>\n\n\n\n<h2 class=\"alignfull has-text-align-center wp-block-heading\">Tabuthemen<\/h2>\n\n\n\n<div class=\"wp-block-media-text alignwide has-media-on-the-right is-stacked-on-mobile\" style=\"grid-template-columns:auto 45%\"><figure class=\"wp-block-media-text__media\"><img loading=\"lazy\" decoding=\"async\" width=\"1024\" height=\"1024\" src=\"https:\/\/kniggezz.ch\/wordpress\/wp-content\/uploads\/2021\/12\/03_Dating_Tabuthemen_Grafik-1024x1024.png\" alt=\"\" class=\"wp-image-98 size-full\" srcset=\"https:\/\/kniggezz.ch\/wordpress\/wp-content\/uploads\/2021\/12\/03_Dating_Tabuthemen_Grafik-1024x1024.png 1024w, https:\/\/kniggezz.ch\/wordpress\/wp-content\/uploads\/2021\/12\/03_Dating_Tabuthemen_Grafik-300x300.png 300w, https:\/\/kniggezz.ch\/wordpress\/wp-content\/uploads\/2021\/12\/03_Dating_Tabuthemen_Grafik-150x150.png 150w, https:\/\/kniggezz.ch\/wordpress\/wp-content\/uploads\/2021\/12\/03_Dating_Tabuthemen_Grafik-768x768.png 768w, https:\/\/kniggezz.ch\/wordpress\/wp-content\/uploads\/2021\/12\/03_Dating_Tabuthemen_Grafik-1536x1536.png 1536w, https:\/\/kniggezz.ch\/wordpress\/wp-content\/uploads\/2021\/12\/03_Dating_Tabuthemen_Grafik-2048x2048.png 2048w\" sizes=\"auto, (max-width: 1024px) 100vw, 1024px\" \/><\/figure><div class=\"wp-block-media-text__content\">\n<p class=\"has-medium-font-size\">Oh-oh jetzt beginnt dein Date<br>noch \u00fcber seine Ex zu quatschen\u2026<br>Themen wie die Ex-Beziehung, schwere Vergangenheiten oder andere Lebenskrisen verschiebst du besser auf einen sp\u00e4teren Zeitpunkt. Schliesslich soll ein Date vor positiven Vibes sprudeln! Ach ja und nicht vergessen, dein Gegen\u00fcber auch zu Wort kommen lassen, Monologe m\u00f6gen wir nicht \ud83d\ude09&nbsp;<\/p>\n<\/div><\/div>\n\n\n\n<hr class=\"wp-block-separator alignfull has-css-opacity\"\/>\n\n\n\n<p><\/p>\n\n\n\n<h2 class=\"alignfull has-text-align-center wp-block-heading\">Nicht zu tief ins Glas schauen<\/h2>\n\n\n\n<div class=\"wp-block-media-text alignwide has-media-on-the-right is-stacked-on-mobile\" style=\"grid-template-columns:auto 45%\"><figure class=\"wp-block-media-text__media\"><img loading=\"lazy\" decoding=\"async\" width=\"1024\" height=\"1024\" src=\"https:\/\/kniggezz.ch\/wordpress\/wp-content\/uploads\/2021\/12\/Nebenpost_Dating_Alkohol2-1024x1024.png\" alt=\"\" class=\"wp-image-112 size-full\" srcset=\"https:\/\/kniggezz.ch\/wordpress\/wp-content\/uploads\/2021\/12\/Nebenpost_Dating_Alkohol2-1024x1024.png 1024w, https:\/\/kniggezz.ch\/wordpress\/wp-content\/uploads\/2021\/12\/Nebenpost_Dating_Alkohol2-300x300.png 300w, https:\/\/kniggezz.ch\/wordpress\/wp-content\/uploads\/2021\/12\/Nebenpost_Dating_Alkohol2-150x150.png 150w, https:\/\/kniggezz.ch\/wordpress\/wp-content\/uploads\/2021\/12\/Nebenpost_Dating_Alkohol2-768x768.png 768w, https:\/\/kniggezz.ch\/wordpress\/wp-content\/uploads\/2021\/12\/Nebenpost_Dating_Alkohol2.png 1080w\" sizes=\"auto, (max-width: 1024px) 100vw, 1024px\" \/><\/figure><div class=\"wp-block-media-text__content\">\n<p class=\"has-medium-font-size\">Alkohol wirkt ja bekanntlich enthemmend. So wird auch gerne mal bei einem Date zusammen angestossen. Doch Achtung: Dies kann auch nach hinten losgehen! Schaust du zu tief ins Glas und aus \u201aenthemmend\u2018 wird hemmfrei, kann dir das m\u00f6glicherweise zum Verh\u00e4ngnis werden. Denn niemand will Gespr\u00e4che f\u00fchren mit jemandem, der m\u00fcde ist, sich nicht mehr konzentrieren kann oder gar lallt. Darum gilt: Weniger ist mehr.<\/p>\n<\/div><\/div>\n\n\n\n<hr class=\"wp-block-separator alignfull has-css-opacity\"\/>\n\n\n\n<p><\/p>\n\n\n\n<h2 class=\"alignfull has-text-align-center wp-block-heading\">Nobody&#8217;s Perfect<\/h2>\n\n\n\n<div class=\"wp-block-media-text alignwide has-media-on-the-right is-stacked-on-mobile\" style=\"grid-template-columns:auto 45%\"><figure class=\"wp-block-media-text__media\"><img loading=\"lazy\" decoding=\"async\" width=\"1024\" height=\"1024\" src=\"https:\/\/kniggezz.ch\/wordpress\/wp-content\/uploads\/2021\/12\/03_Dating_Tabuthemen_Grafik-1-1024x1024.png\" alt=\"\" class=\"wp-image-99 size-full\" srcset=\"https:\/\/kniggezz.ch\/wordpress\/wp-content\/uploads\/2021\/12\/03_Dating_Tabuthemen_Grafik-1-1024x1024.png 1024w, https:\/\/kniggezz.ch\/wordpress\/wp-content\/uploads\/2021\/12\/03_Dating_Tabuthemen_Grafik-1-300x300.png 300w, https:\/\/kniggezz.ch\/wordpress\/wp-content\/uploads\/2021\/12\/03_Dating_Tabuthemen_Grafik-1-150x150.png 150w, https:\/\/kniggezz.ch\/wordpress\/wp-content\/uploads\/2021\/12\/03_Dating_Tabuthemen_Grafik-1-768x768.png 768w, https:\/\/kniggezz.ch\/wordpress\/wp-content\/uploads\/2021\/12\/03_Dating_Tabuthemen_Grafik-1-1536x1536.png 1536w, https:\/\/kniggezz.ch\/wordpress\/wp-content\/uploads\/2021\/12\/03_Dating_Tabuthemen_Grafik-1-2048x2048.png 2048w\" sizes=\"auto, (max-width: 1024px) 100vw, 1024px\" \/><\/figure><div class=\"wp-block-media-text__content\">\n<p class=\"has-medium-font-size\">Gef\u00e4llt uns jemand, m\u00f6chten wir uns von der besten Seite zeigen. Verwechsle ein Date aber nicht mit einem Verkaufsgespr\u00e4ch. Selbstbewusstsein ist cool aber Angeben nicht. Ehrlichkeit und Authentizit\u00e4t machen dich sympathisch und menschlich. Steh zu deinen Schw\u00e4chen, denn Nobody\u2019s perfect!<\/p>\n<\/div><\/div>\n\n\n\n<hr class=\"wp-block-separator alignfull has-css-opacity\"\/>\n\n\n\n<p><\/p>\n\n\n\n<h2 class=\"alignfull has-text-align-center wp-block-heading\">Sag&#8217;s mit echten und pers\u00f6nlichen Worten<\/h2>\n\n\n\n<div class=\"wp-block-media-text alignwide has-media-on-the-right is-stacked-on-mobile\" style=\"grid-template-columns:auto 40%\"><figure class=\"wp-block-media-text__media\"><img loading=\"lazy\" decoding=\"async\" width=\"1024\" height=\"1024\" src=\"https:\/\/kniggezz.ch\/wordpress\/wp-content\/uploads\/2022\/01\/Nebenpost_Dating_Komplimente2-1024x1024.png\" alt=\"\" class=\"wp-image-154 size-full\" srcset=\"https:\/\/kniggezz.ch\/wordpress\/wp-content\/uploads\/2022\/01\/Nebenpost_Dating_Komplimente2-1024x1024.png 1024w, https:\/\/kniggezz.ch\/wordpress\/wp-content\/uploads\/2022\/01\/Nebenpost_Dating_Komplimente2-300x300.png 300w, https:\/\/kniggezz.ch\/wordpress\/wp-content\/uploads\/2022\/01\/Nebenpost_Dating_Komplimente2-150x150.png 150w, https:\/\/kniggezz.ch\/wordpress\/wp-content\/uploads\/2022\/01\/Nebenpost_Dating_Komplimente2-768x768.png 768w, https:\/\/kniggezz.ch\/wordpress\/wp-content\/uploads\/2022\/01\/Nebenpost_Dating_Komplimente2.png 1080w\" sizes=\"auto, (max-width: 1024px) 100vw, 1024px\" \/><\/figure><div class=\"wp-block-media-text__content\">\n<p class=\"has-medium-font-size\"><em>Du siehst gut aus! Das ist ein sch\u00f6nes Kleid, das du da tr\u00e4gst! <\/em>Komplimente sind etwas Sch\u00f6nes. Noch sch\u00f6ner sind sie, wenn das Kompliment pers\u00f6nlich ist und nicht nur eine 0815 Floskeln, die auf jeden passen w\u00fcrde. Machst du jemandem ein Kompliment, so passe es deinem Gegen\u00fcber an. Dabei solltest du auch die inneren Werte nicht vergessen. So ein \u201cechtes\u201d Kompliment k\u00f6nnte zum Beispiel sein:&nbsp;<em>Ich finde es faszinierend, wie du die Welt siehst <\/em>oder <em>mir gefallen all die Details, die du dir merkst.<\/em><\/p>\n<\/div><\/div>\n\n\n\n<hr class=\"wp-block-separator alignfull has-css-opacity is-style-default\"\/>\n\n\n\n<p><\/p>\n\n\n\n<h2 class=\"alignfull has-text-align-center wp-block-heading\">Wer zahlt beim ersten Date?<\/h2>\n\n\n\n<div class=\"wp-block-media-text alignwide has-media-on-the-right is-stacked-on-mobile\" style=\"grid-template-columns:auto 45%\"><figure class=\"wp-block-media-text__media\"><img loading=\"lazy\" decoding=\"async\" width=\"1024\" height=\"1024\" src=\"https:\/\/kniggezz.ch\/wordpress\/wp-content\/uploads\/2022\/01\/Nebenpost_Dating_Zahlen2-1024x1024.png\" alt=\"\" class=\"wp-image-152 size-full\" srcset=\"https:\/\/kniggezz.ch\/wordpress\/wp-content\/uploads\/2022\/01\/Nebenpost_Dating_Zahlen2-1024x1024.png 1024w, https:\/\/kniggezz.ch\/wordpress\/wp-content\/uploads\/2022\/01\/Nebenpost_Dating_Zahlen2-300x300.png 300w, https:\/\/kniggezz.ch\/wordpress\/wp-content\/uploads\/2022\/01\/Nebenpost_Dating_Zahlen2-150x150.png 150w, https:\/\/kniggezz.ch\/wordpress\/wp-content\/uploads\/2022\/01\/Nebenpost_Dating_Zahlen2-768x768.png 768w, https:\/\/kniggezz.ch\/wordpress\/wp-content\/uploads\/2022\/01\/Nebenpost_Dating_Zahlen2.png 1080w\" sizes=\"auto, (max-width: 1024px) 100vw, 1024px\" \/><\/figure><div class=\"wp-block-media-text__content\">\n<p class=\"has-medium-font-size\">Fr\u00fcher war es gang und g\u00e4be, dass der Mann beim ersten Date zahlt. Wir finden, dass dies heute nicht mehr sein muss. Grunds\u00e4tzlich gilt: Wer zum Date eingeladen hat, der sollte auch zahlen, egal ob Frau oder Mann. Geht man jedoch teuer Essen, so teilt man die Rechnung am besten auf. Bei einem Getr\u00e4nk ist es eine sch\u00f6ne Geste, den Betrag zu \u00fcbernehmen.<\/p>\n<\/div><\/div>\n\n\n\n<p id=\"block-32177325-a39f-4bf8-816b-0a830504cf12\"><br><\/p>\n","protected":false},"excerpt":{"rendered":"<p>Auch beim Kennenlernen von neuen Menschen gibt es das eine oder andere Fettn\u00e4pfchen, in das man treten kann. Vielleicht solltest du beim ersten Treffen mit deinem Date nicht gerade \u00fcber die schwere Vergangenheit in der Familie sprechen oder aus lauter M\u00fche und Aufmerksamkeit Kompliment an Kompliment reihen. Mit den Kniggezz Ratschl\u00e4gen meisterst auch du die [&hellip;]<\/p>\n","protected":false},"author":1,"featured_media":0,"parent":0,"menu_order":0,"comment_status":"closed","ping_status":"closed","template":"","meta":{"footnotes":""},"class_list":["post-26","page","type-page","status-publish","hentry"],"_links":{"self":[{"href":"https:\/\/kniggezz.ch\/wordpress\/index.php\/wp-json\/wp\/v2\/pages\/26","targetHints":{"allow":["GET"]}}],"collection":[{"href":"https:\/\/kniggezz.ch\/wordpress\/index.php\/wp-json\/wp\/v2\/pages"}],"about":[{"href":"https:\/\/kniggezz.ch\/wordpress\/index.php\/wp-json\/wp\/v2\/types\/page"}],"author":[{"embeddable":true,"href":"https:\/\/kniggezz.ch\/wordpress\/index.php\/wp-json\/wp\/v2\/users\/1"}],"replies":[{"embeddable":true,"href":"https:\/\/kniggezz.ch\/wordpress\/index.php\/wp-json\/wp\/v2\/comments?post=26"}],"version-history":[{"count":26,"href":"https:\/\/kniggezz.ch\/wordpress\/index.php\/wp-json\/wp\/v2\/pages\/26\/revisions"}],"predecessor-version":[{"id":262,"href":"https:\/\/kniggezz.ch\/wordpress\/index.php\/wp-json\/wp\/v2\/pages\/26\/revisions\/262"}],"wp:attachment":[{"href":"https:\/\/kniggezz.ch\/wordpress\/index.php\/wp-json\/wp\/v2\/media?parent=26"}],"curies":[{"name":"wp","href":"https:\/\/api.w.org\/{rel}","templated":true}]}}